{"id":14,"date":"2025-02-03T16:50:03","date_gmt":"2025-02-03T15:50:03","guid":{"rendered":"http:\/\/benjaminmartinet.fr\/?page_id=14"},"modified":"2025-10-04T11:26:00","modified_gmt":"2025-10-04T09:26:00","slug":"creez-votre-site-avec-des-blocs","status":"publish","type":"page","link":"https:\/\/benjaminmartinet.fr\/","title":{"rendered":"Accueil"},"content":{"rendered":"\t\t<div data-elementor-type=\"wp-page\" data-elementor-id=\"14\" class=\"elementor elementor-14\" data-elementor-post-type=\"page\">\n\t\t\t\t<div class=\"elementor-element elementor-element-2cd865c e-flex e-con-boxed e-con e-parent\" data-id=\"2cd865c\" data-element_type=\"container\" data-e-type=\"container\">\n\t\t\t\t\t<div class=\"e-con-inner\">\n\t\t<div class=\"elementor-element elementor-element-3fbda35 e-con-full e-flex e-con e-child\" data-id=\"3fbda35\" data-element_type=\"container\" data-e-type=\"container\">\n\t\t<div class=\"elementor-element elementor-element-72c5a7e e-con-full e-flex e-con e-child\" data-id=\"72c5a7e\" data-element_type=\"container\" data-e-type=\"container\">\n\t\t\t\t<div class=\"elementor-element elementor-element-729ada7 elementor-widget elementor-widget-text-editor\" data-id=\"729ada7\" data-element_type=\"widget\" data-e-type=\"widget\" data-widget_type=\"text-editor.default\">\n\t\t\t\t<div class=\"elementor-widget-container\">\n\t\t\t\t\t\t\t\t\t<p>Journaliste de formation, j\u2019ai travaill\u00e9 pour plusieurs m\u00e9dias en radio et presse \u00e9crite en\u00a0<u>France, ainsi qu\u2019au Qu\u00e9bec<\/u>.<\/p><p>Ma passion \u00e0 faire vivre les projets des gens crois\u00e9s sur mon parcours m\u2019anime, et me guide dans mon travail.\u00a0<\/p>\t\t\t\t\t\t\t\t<\/div>\n\t\t\t\t<\/div>\n\t\t\t\t<\/div>\n\t\t<div class=\"elementor-element elementor-element-4192da8 e-con-full e-flex e-con e-child\" data-id=\"4192da8\" data-element_type=\"container\" data-e-type=\"container\">\n\t\t\t\t<div class=\"elementor-element elementor-element-8bed077 elementor-widget elementor-widget-text-editor\" data-id=\"8bed077\" data-element_type=\"widget\" data-e-type=\"widget\" data-widget_type=\"text-editor.default\">\n\t\t\t\t<div class=\"elementor-widget-container\">\n\t\t\t\t\t\t\t\t\t<h1>\u00a0<\/h1><p>R\u00e9dacteur Web<\/p><p>Charg\u00e9 de communication<\/p><p>Coordination de projet<\/p>\t\t\t\t\t\t\t\t<\/div>\n\t\t\t\t<\/div>\n\t\t\t\t<\/div>\n\t\t\t\t<\/div>\n\t\t\t\t\t<\/div>\n\t\t\t\t<\/div>\n\t\t<div class=\"elementor-element elementor-element-f1a4a0a e-flex e-con-boxed e-con e-parent\" data-id=\"f1a4a0a\" data-element_type=\"container\" data-e-type=\"container\">\n\t\t\t\t\t<div class=\"e-con-inner\">\n\t\t\t\t<div class=\"elementor-element elementor-element-b5d9bfc elementor-widget elementor-widget-heading\" data-id=\"b5d9bfc\" data-element_type=\"widget\" data-e-type=\"widget\" data-widget_type=\"heading.default\">\n\t\t\t\t<div class=\"elementor-widget-container\">\n\t\t\t\t\t<h2 class=\"elementor-heading-title elementor-size-default\">Quelques r\u00e9alisations\n<\/h2>\t\t\t\t<\/div>\n\t\t\t\t<\/div>\n\t\t\t\t\t<\/div>\n\t\t\t\t<\/div>\n\t\t<div class=\"elementor-element elementor-element-1339d8b e-transform e-flex e-con-boxed e-con e-parent\" data-id=\"1339d8b\" data-element_type=\"container\" data-e-type=\"container\" data-settings=\"{&quot;_transform_scale_effect&quot;:{&quot;unit&quot;:&quot;px&quot;,&quot;size&quot;:&quot;&quot;,&quot;sizes&quot;:[]},&quot;_transform_scale_effect_tablet&quot;:{&quot;unit&quot;:&quot;px&quot;,&quot;size&quot;:&quot;&quot;,&quot;sizes&quot;:[]},&quot;_transform_scale_effect_mobile&quot;:{&quot;unit&quot;:&quot;px&quot;,&quot;size&quot;:&quot;&quot;,&quot;sizes&quot;:[]}}\">\n\t\t\t\t\t<div class=\"e-con-inner\">\n\t\t\t\t<div class=\"elementor-element elementor-element-7501b34 elementor-widget elementor-widget-image\" data-id=\"7501b34\" data-element_type=\"widget\" data-e-type=\"widget\" data-widget_type=\"image.default\">\n\t\t\t\t<div class=\"elementor-widget-container\">\n\t\t\t\t\t\t\t\t\t\t\t\t\t\t\t\t<a href=\"https:\/\/www.dinettemagazine.com\/histoires\/lor-blanc-de-camargue\" target=\"_blank\">\n\t\t\t\t\t\t\t<img fetchpriority=\"high\" decoding=\"async\" width=\"1920\" height=\"864\" src=\"https:\/\/benjaminmartinet.fr\/wp-content\/uploads\/2025\/02\/Rectangle-12.webp\" class=\"attachment-full size-full wp-image-58\" alt=\"\" srcset=\"https:\/\/benjaminmartinet.fr\/wp-content\/uploads\/2025\/02\/Rectangle-12.webp 1920w, https:\/\/benjaminmartinet.fr\/wp-content\/uploads\/2025\/02\/Rectangle-12-300x135.webp 300w, https:\/\/benjaminmartinet.fr\/wp-content\/uploads\/2025\/02\/Rectangle-12-1024x461.webp 1024w, https:\/\/benjaminmartinet.fr\/wp-content\/uploads\/2025\/02\/Rectangle-12-768x346.webp 768w, https:\/\/benjaminmartinet.fr\/wp-content\/uploads\/2025\/02\/Rectangle-12-1536x691.webp 1536w, https:\/\/benjaminmartinet.fr\/wp-content\/uploads\/2025\/02\/Rectangle-12-1568x706.webp 1568w\" sizes=\"(max-width: 1920px) 100vw, 1920px\" \/>\t\t\t\t\t\t\t\t<\/a>\n\t\t\t\t\t\t\t\t\t\t\t\t\t\t\t<\/div>\n\t\t\t\t<\/div>\n\t\t\t\t<div class=\"elementor-element elementor-element-1a1d683 elementor-absolute elementor-button-info elementor-widget elementor-widget-button\" data-id=\"1a1d683\" data-element_type=\"widget\" data-e-type=\"widget\" data-settings=\"{&quot;_position&quot;:&quot;absolute&quot;}\" data-widget_type=\"button.default\">\n\t\t\t\t<div class=\"elementor-widget-container\">\n\t\t\t\t\t\t\t\t\t<div class=\"elementor-button-wrapper\">\n\t\t\t\t\t<a class=\"elementor-button elementor-button-link elementor-size-sm\" href=\"https:\/\/www.dinettemagazine.com\/histoires\/lor-blanc-de-camargue\" target=\"_blank\">\n\t\t\t\t\t\t<span class=\"elementor-button-content-wrapper\">\n\t\t\t\t\t\t\t\t\t<span class=\"elementor-button-text\">L'or blanc de Camargue<br \/>Dinette Magazine<\/span>\n\t\t\t\t\t<\/span>\n\t\t\t\t\t<\/a>\n\t\t\t\t<\/div>\n\t\t\t\t\t\t\t\t<\/div>\n\t\t\t\t<\/div>\n\t\t\t\t\t<\/div>\n\t\t\t\t<\/div>\n\t\t<div class=\"elementor-element elementor-element-13e239c e-flex e-con-boxed e-con e-parent\" data-id=\"13e239c\" data-element_type=\"container\" data-e-type=\"container\">\n\t\t\t\t\t<div class=\"e-con-inner\">\n\t\t\t\t<div class=\"elementor-element elementor-element-f048853 elementor-widget elementor-widget-spacer\" data-id=\"f048853\" data-element_type=\"widget\" data-e-type=\"widget\" data-widget_type=\"spacer.default\">\n\t\t\t\t<div class=\"elementor-widget-container\">\n\t\t\t\t\t\t\t<div class=\"elementor-spacer\">\n\t\t\t<div class=\"elementor-spacer-inner\"><\/div>\n\t\t<\/div>\n\t\t\t\t\t\t<\/div>\n\t\t\t\t<\/div>\n\t\t\t\t\t<\/div>\n\t\t\t\t<\/div>\n\t\t<div class=\"elementor-element elementor-element-0a6bf45 elementor-hidden-tablet elementor-hidden-mobile e-flex e-con-boxed e-con e-parent\" data-id=\"0a6bf45\" data-element_type=\"container\" data-e-type=\"container\">\n\t\t\t\t\t<div class=\"e-con-inner\">\n\t\t<div class=\"elementor-element elementor-element-f49821e e-con-full e-flex e-con e-child\" data-id=\"f49821e\" data-element_type=\"container\" data-e-type=\"container\">\n\t\t<div class=\"elementor-element elementor-element-f5a26c2 e-flex e-con-boxed e-con e-child\" data-id=\"f5a26c2\" data-element_type=\"container\" data-e-type=\"container\">\n\t\t\t\t\t<div class=\"e-con-inner\">\n\t\t<div class=\"elementor-element elementor-element-f4fa4dd e-con-full e-flex e-con e-child\" data-id=\"f4fa4dd\" data-element_type=\"container\" data-e-type=\"container\">\n\t\t<div class=\"elementor-element elementor-element-d8fbc68 e-con-full e-flex e-con e-child\" data-id=\"d8fbc68\" data-element_type=\"container\" data-e-type=\"container\">\n\t\t\t\t<div class=\"elementor-element elementor-element-12fcd14 elementor-widget elementor-widget-image\" data-id=\"12fcd14\" data-element_type=\"widget\" data-e-type=\"widget\" data-widget_type=\"image.default\">\n\t\t\t\t<div class=\"elementor-widget-container\">\n\t\t\t\t\t\t\t\t\t\t\t\t\t\t\t\t<a href=\"https:\/\/viedesarts.com\/joan-jonas-sensible\/\" target=\"_blank\">\n\t\t\t\t\t\t\t<img decoding=\"async\" width=\"800\" height=\"875\" src=\"https:\/\/benjaminmartinet.fr\/wp-content\/uploads\/2025\/02\/Rectangle-8.webp\" class=\"attachment-large size-large wp-image-508\" alt=\"\" srcset=\"https:\/\/benjaminmartinet.fr\/wp-content\/uploads\/2025\/02\/Rectangle-8.webp 801w, https:\/\/benjaminmartinet.fr\/wp-content\/uploads\/2025\/02\/Rectangle-8-274x300.webp 274w, https:\/\/benjaminmartinet.fr\/wp-content\/uploads\/2025\/02\/Rectangle-8-768x840.webp 768w\" sizes=\"(max-width: 800px) 100vw, 800px\" \/>\t\t\t\t\t\t\t\t<\/a>\n\t\t\t\t\t\t\t\t\t\t\t\t\t\t\t<\/div>\n\t\t\t\t<\/div>\n\t\t\t\t<div class=\"elementor-element elementor-element-323a165 elementor-absolute elementor-widget elementor-widget-button\" data-id=\"323a165\" data-element_type=\"widget\" data-e-type=\"widget\" data-settings=\"{&quot;_position&quot;:&quot;absolute&quot;}\" data-widget_type=\"button.default\">\n\t\t\t\t<div class=\"elementor-widget-container\">\n\t\t\t\t\t\t\t\t\t<div class=\"elementor-button-wrapper\">\n\t\t\t\t\t<a class=\"elementor-button elementor-button-link elementor-size-sm\" href=\"https:\/\/viedesarts.com\/joan-jonas-sensible\/\" target=\"_blank\">\n\t\t\t\t\t\t<span class=\"elementor-button-content-wrapper\">\n\t\t\t\t\t\t\t\t\t<span class=\"elementor-button-text\">Joan Jonas : Sensible <br \/> Vie des Arts<\/span>\n\t\t\t\t\t<\/span>\n\t\t\t\t\t<\/a>\n\t\t\t\t<\/div>\n\t\t\t\t\t\t\t\t<\/div>\n\t\t\t\t<\/div>\n\t\t\t\t<\/div>\n\t\t<div class=\"elementor-element elementor-element-244a4bd e-con-full e-flex e-con e-child\" data-id=\"244a4bd\" data-element_type=\"container\" data-e-type=\"container\">\n\t\t\t\t<div class=\"elementor-element elementor-element-71a9d7c elementor-absolute elementor-widget elementor-widget-button\" data-id=\"71a9d7c\" data-element_type=\"widget\" data-e-type=\"widget\" data-settings=\"{&quot;_position&quot;:&quot;absolute&quot;}\" data-widget_type=\"button.default\">\n\t\t\t\t<div class=\"elementor-widget-container\">\n\t\t\t\t\t\t\t\t\t<div class=\"elementor-button-wrapper\">\n\t\t\t\t\t<a class=\"elementor-button elementor-button-link elementor-size-sm\" href=\"https:\/\/viedesarts.com\/richard-mosse-la-guerre-invisible\/\" target=\"_blank\">\n\t\t\t\t\t\t<span class=\"elementor-button-content-wrapper\">\n\t\t\t\t\t\t\t\t\t<span class=\"elementor-button-text\">Richard Mosse. La guerre invisible <br \/> Vie des Arts<\/span>\n\t\t\t\t\t<\/span>\n\t\t\t\t\t<\/a>\n\t\t\t\t<\/div>\n\t\t\t\t\t\t\t\t<\/div>\n\t\t\t\t<\/div>\n\t\t\t\t<div class=\"elementor-element elementor-element-1a40d1f elementor-widget elementor-widget-image\" data-id=\"1a40d1f\" data-element_type=\"widget\" data-e-type=\"widget\" data-widget_type=\"image.default\">\n\t\t\t\t<div class=\"elementor-widget-container\">\n\t\t\t\t\t\t\t\t\t\t\t\t\t\t\t<img decoding=\"async\" width=\"800\" height=\"640\" src=\"https:\/\/benjaminmartinet.fr\/wp-content\/uploads\/2025\/02\/richardmosse_944a36d79b0388ece544cb81ec748ee5-1024x819.webp\" class=\"attachment-large size-large wp-image-518\" alt=\"\" srcset=\"https:\/\/benjaminmartinet.fr\/wp-content\/uploads\/2025\/02\/richardmosse_944a36d79b0388ece544cb81ec748ee5-1024x819.webp 1024w, https:\/\/benjaminmartinet.fr\/wp-content\/uploads\/2025\/02\/richardmosse_944a36d79b0388ece544cb81ec748ee5-300x240.webp 300w, https:\/\/benjaminmartinet.fr\/wp-content\/uploads\/2025\/02\/richardmosse_944a36d79b0388ece544cb81ec748ee5-768x614.webp 768w, https:\/\/benjaminmartinet.fr\/wp-content\/uploads\/2025\/02\/richardmosse_944a36d79b0388ece544cb81ec748ee5.webp 1280w\" sizes=\"(max-width: 800px) 100vw, 800px\" \/>\t\t\t\t\t\t\t\t\t\t\t\t\t\t\t<\/div>\n\t\t\t\t<\/div>\n\t\t\t\t<\/div>\n\t\t\t\t<\/div>\n\t\t<div class=\"elementor-element elementor-element-5d55c3a e-con-full e-flex e-con e-child\" data-id=\"5d55c3a\" data-element_type=\"container\" data-e-type=\"container\">\n\t\t<div class=\"elementor-element elementor-element-d441abe e-con-full e-flex e-con e-child\" data-id=\"d441abe\" data-element_type=\"container\" data-e-type=\"container\">\n\t\t\t\t<div class=\"elementor-element elementor-element-c7f02c1 elementor-widget elementor-widget-image\" data-id=\"c7f02c1\" data-element_type=\"widget\" data-e-type=\"widget\" data-widget_type=\"image.default\">\n\t\t\t\t<div class=\"elementor-widget-container\">\n\t\t\t\t\t\t\t\t\t\t\t\t\t\t\t\t<a href=\"https:\/\/www.dinettemagazine.com\/histoires\/transhumance\" target=\"_blank\">\n\t\t\t\t\t\t\t<img loading=\"lazy\" decoding=\"async\" width=\"800\" height=\"705\" src=\"https:\/\/benjaminmartinet.fr\/wp-content\/uploads\/2025\/02\/Rectangle-10-1024x902.webp\" class=\"attachment-large size-large wp-image-513\" alt=\"\" srcset=\"https:\/\/benjaminmartinet.fr\/wp-content\/uploads\/2025\/02\/Rectangle-10-1024x902.webp 1024w, https:\/\/benjaminmartinet.fr\/wp-content\/uploads\/2025\/02\/Rectangle-10-300x264.webp 300w, https:\/\/benjaminmartinet.fr\/wp-content\/uploads\/2025\/02\/Rectangle-10-768x676.webp 768w, https:\/\/benjaminmartinet.fr\/wp-content\/uploads\/2025\/02\/Rectangle-10.webp 1107w\" sizes=\"(max-width: 800px) 100vw, 800px\" \/>\t\t\t\t\t\t\t\t<\/a>\n\t\t\t\t\t\t\t\t\t\t\t\t\t\t\t<\/div>\n\t\t\t\t<\/div>\n\t\t\t\t<div class=\"elementor-element elementor-element-8e4f82c elementor-absolute elementor-widget elementor-widget-button\" data-id=\"8e4f82c\" data-element_type=\"widget\" data-e-type=\"widget\" data-settings=\"{&quot;_position&quot;:&quot;absolute&quot;}\" data-widget_type=\"button.default\">\n\t\t\t\t<div class=\"elementor-widget-container\">\n\t\t\t\t\t\t\t\t\t<div class=\"elementor-button-wrapper\">\n\t\t\t\t\t<a class=\"elementor-button elementor-button-link elementor-size-sm\" href=\"https:\/\/www.dinettemagazine.com\/histoires\/transhumance\">\n\t\t\t\t\t\t<span class=\"elementor-button-content-wrapper\">\n\t\t\t\t\t\t\t\t\t<span class=\"elementor-button-text\">Transhumance<br \/>Dinette Magazine<\/span>\n\t\t\t\t\t<\/span>\n\t\t\t\t\t<\/a>\n\t\t\t\t<\/div>\n\t\t\t\t\t\t\t\t<\/div>\n\t\t\t\t<\/div>\n\t\t\t\t<\/div>\n\t\t<div class=\"elementor-element elementor-element-85de170 e-con-full e-flex e-con e-child\" data-id=\"85de170\" data-element_type=\"container\" data-e-type=\"container\">\n\t\t\t\t<div class=\"elementor-element elementor-element-aba9e23 elementor-widget elementor-widget-image\" data-id=\"aba9e23\" data-element_type=\"widget\" data-e-type=\"widget\" data-widget_type=\"image.default\">\n\t\t\t\t<div class=\"elementor-widget-container\">\n\t\t\t\t\t\t\t\t\t\t\t\t\t\t\t\t<a href=\"https:\/\/www.dinettemagazine.com\/histoires\/voyage-bord-du-vaisseau-toil\" target=\"_blank\">\n\t\t\t\t\t\t\t<img loading=\"lazy\" decoding=\"async\" width=\"800\" height=\"480\" src=\"https:\/\/benjaminmartinet.fr\/wp-content\/uploads\/2025\/02\/Rectangle-9-1024x614.png\" class=\"attachment-large size-large wp-image-59\" alt=\"\" srcset=\"https:\/\/benjaminmartinet.fr\/wp-content\/uploads\/2025\/02\/Rectangle-9-1024x614.png 1024w, https:\/\/benjaminmartinet.fr\/wp-content\/uploads\/2025\/02\/Rectangle-9-300x180.png 300w, https:\/\/benjaminmartinet.fr\/wp-content\/uploads\/2025\/02\/Rectangle-9-768x460.png 768w, https:\/\/benjaminmartinet.fr\/wp-content\/uploads\/2025\/02\/Rectangle-9.png 1103w\" sizes=\"(max-width: 800px) 100vw, 800px\" \/>\t\t\t\t\t\t\t\t<\/a>\n\t\t\t\t\t\t\t\t\t\t\t\t\t\t\t<\/div>\n\t\t\t\t<\/div>\n\t\t\t\t<div class=\"elementor-element elementor-element-c19411f elementor-absolute elementor-widget elementor-widget-button\" data-id=\"c19411f\" data-element_type=\"widget\" data-e-type=\"widget\" data-settings=\"{&quot;_position&quot;:&quot;absolute&quot;}\" data-widget_type=\"button.default\">\n\t\t\t\t<div class=\"elementor-widget-container\">\n\t\t\t\t\t\t\t\t\t<div class=\"elementor-button-wrapper\">\n\t\t\t\t\t<a class=\"elementor-button elementor-button-link elementor-size-sm\" href=\"https:\/\/www.dinettemagazine.com\/histoires\/voyage-bord-du-vaisseau-toil\" target=\"_blank\">\n\t\t\t\t\t\t<span class=\"elementor-button-content-wrapper\">\n\t\t\t\t\t\t\t\t\t<span class=\"elementor-button-text\">\u00c0 bord du vaisseau \u00e9toil\u00e9<br \/>Dinette Magazine<\/span>\n\t\t\t\t\t<\/span>\n\t\t\t\t\t<\/a>\n\t\t\t\t<\/div>\n\t\t\t\t\t\t\t\t<\/div>\n\t\t\t\t<\/div>\n\t\t\t\t<\/div>\n\t\t\t\t<\/div>\n\t\t\t\t\t<\/div>\n\t\t\t\t<\/div>\n\t\t\t\t<\/div>\n\t\t\t\t\t<\/div>\n\t\t\t\t<\/div>\n\t\t<div class=\"elementor-element elementor-element-8f3637b e-flex e-con-boxed e-con e-parent\" data-id=\"8f3637b\" data-element_type=\"container\" data-e-type=\"container\">\n\t\t\t\t\t<div class=\"e-con-inner\">\n\t\t\t\t\t<\/div>\n\t\t\t\t<\/div>\n\t\t<div class=\"elementor-element elementor-element-95616c9 e-flex e-con-boxed e-con e-parent\" data-id=\"95616c9\" data-element_type=\"container\" data-e-type=\"container\">\n\t\t\t\t\t<div class=\"e-con-inner\">\n\t\t\t\t<div class=\"elementor-element elementor-element-229e800 elementor-widget elementor-widget-text-editor\" data-id=\"229e800\" data-element_type=\"widget\" data-e-type=\"widget\" data-widget_type=\"text-editor.default\">\n\t\t\t\t<div class=\"elementor-widget-container\">\n\t\t\t\t\t\t\t\t\t<p>Ce site recense mes principales r\u00e9alisations (articles, magazines institutionnels, publicit\u00e9s, \u00e9missions de radio) couvrant la p\u00e9riode de 2010 \u00e0 2024.<\/p>\t\t\t\t\t\t\t\t<\/div>\n\t\t\t\t<\/div>\n\t\t\t\t\t<\/div>\n\t\t\t\t<\/div>\n\t\t\t\t<\/div>\n\t\t","protected":false},"excerpt":{"rendered":"<p>Journaliste de formation, j\u2019ai travaill\u00e9 pour plusieurs m\u00e9dias en radio et presse \u00e9crite en\u00a0France, ainsi qu\u2019au Qu\u00e9bec. Ma passion \u00e0 faire vivre les projets des gens crois\u00e9s sur mon parcours m\u2019anime, et me guide dans mon travail.\u00a0 \u00a0 R\u00e9dacteur Web Charg\u00e9 de communication Coordination de projet Quelques r\u00e9alisations L&#8217;or blanc de CamargueDinette Magazine Joan Jonas [&hellip;]<\/p>\n","protected":false},"author":1,"featured_media":0,"parent":0,"menu_order":0,"comment_status":"closed","ping_status":"closed","template":"elementor_header_footer","meta":{"footnotes":""},"class_list":["post-14","page","type-page","status-publish","hentry"],"_links":{"self":[{"href":"https:\/\/benjaminmartinet.fr\/index.php?rest_route=\/wp\/v2\/pages\/14","targetHints":{"allow":["GET"]}}],"collection":[{"href":"https:\/\/benjaminmartinet.fr\/index.php?rest_route=\/wp\/v2\/pages"}],"about":[{"href":"https:\/\/benjaminmartinet.fr\/index.php?rest_route=\/wp\/v2\/types\/page"}],"author":[{"embeddable":true,"href":"https:\/\/benjaminmartinet.fr\/index.php?rest_route=\/wp\/v2\/users\/1"}],"replies":[{"embeddable":true,"href":"https:\/\/benjaminmartinet.fr\/index.php?rest_route=%2Fwp%2Fv2%2Fcomments&post=14"}],"version-history":[{"count":671,"href":"https:\/\/benjaminmartinet.fr\/index.php?rest_route=\/wp\/v2\/pages\/14\/revisions"}],"predecessor-version":[{"id":1718,"href":"https:\/\/benjaminmartinet.fr\/index.php?rest_route=\/wp\/v2\/pages\/14\/revisions\/1718"}],"wp:attachment":[{"href":"https:\/\/benjaminmartinet.fr\/index.php?rest_route=%2Fwp%2Fv2%2Fmedia&parent=14"}],"curies":[{"name":"wp","href":"https:\/\/api.w.org\/{rel}","templated":true}]}}