{"id":15,"date":"2025-02-03T16:50:03","date_gmt":"2025-02-03T15:50:03","guid":{"rendered":"http:\/\/benjaminmartinet.fr\/?page_id=15"},"modified":"2025-04-23T09:29:24","modified_gmt":"2025-04-23T07:29:24","slug":"a-propos-de","status":"publish","type":"page","link":"https:\/\/benjaminmartinet.fr\/?page_id=15","title":{"rendered":""},"content":{"rendered":"\t\t<div data-elementor-type=\"wp-page\" data-elementor-id=\"15\" class=\"elementor elementor-15\" data-elementor-post-type=\"page\">\n\t\t\t\t<div class=\"elementor-element elementor-element-39d271a e-flex e-con-boxed e-con e-parent\" data-id=\"39d271a\" data-element_type=\"container\" data-e-type=\"container\">\n\t\t\t\t\t<div class=\"e-con-inner\">\n\t\t<div class=\"elementor-element elementor-element-d67957d e-con-full e-flex e-con e-child\" data-id=\"d67957d\" data-element_type=\"container\" data-e-type=\"container\">\n\t\t<div class=\"elementor-element elementor-element-94f4648 e-con-full e-flex e-con e-child\" data-id=\"94f4648\" data-element_type=\"container\" data-e-type=\"container\">\n\t\t<div class=\"elementor-element elementor-element-4da3721 e-con-full e-flex e-con e-child\" data-id=\"4da3721\" data-element_type=\"container\" data-e-type=\"container\">\n\t\t\t\t<div class=\"elementor-element elementor-element-4bb40b2 elementor-widget elementor-widget-text-editor\" data-id=\"4bb40b2\" data-element_type=\"widget\" data-e-type=\"widget\" data-widget_type=\"text-editor.default\">\n\t\t\t\t<div class=\"elementor-widget-container\">\n\t\t\t\t\t\t\t\t\t<p>Journaliste de formation, j\u2019ai travaill\u00e9 pour plusieurs m\u00e9dias en radio et presse \u00e9crite en\u00a0<u>France, ainsi qu\u2019au Qu\u00e9bec<\/u>.<\/p><p>Ma passion \u00e0 faire vivre les projets des gens crois\u00e9s sur mon parcours m\u2019anime, et me guide dans mon travail.\u00a0<\/p>\t\t\t\t\t\t\t\t<\/div>\n\t\t\t\t<\/div>\n\t\t\t\t<\/div>\n\t\t<div class=\"elementor-element elementor-element-699ca2d e-con-full e-flex e-con e-child\" data-id=\"699ca2d\" data-element_type=\"container\" data-e-type=\"container\">\n\t\t\t\t<div class=\"elementor-element elementor-element-1024b86 elementor-widget elementor-widget-text-editor\" data-id=\"1024b86\" data-element_type=\"widget\" data-e-type=\"widget\" data-widget_type=\"text-editor.default\">\n\t\t\t\t<div class=\"elementor-widget-container\">\n\t\t\t\t\t\t\t\t\t<h1>\u00a0<\/h1><p>R\u00e9dacteur Web<\/p><p>Charg\u00e9 de communication<\/p><p>Coordination de projet<\/p>\t\t\t\t\t\t\t\t<\/div>\n\t\t\t\t<\/div>\n\t\t\t\t<\/div>\n\t\t\t\t<\/div>\n\t\t\t\t<\/div>\n\t\t\t\t\t<\/div>\n\t\t\t\t<\/div>\n\t\t<div class=\"elementor-element elementor-element-42fac4f e-flex e-con-boxed e-con e-parent\" data-id=\"42fac4f\" data-element_type=\"container\" data-e-type=\"container\">\n\t\t\t\t\t<div class=\"e-con-inner\">\n\t\t\t\t<div class=\"elementor-element elementor-element-a17cf4b elementor-widget elementor-widget-heading\" data-id=\"a17cf4b\" data-element_type=\"widget\" data-e-type=\"widget\" data-widget_type=\"heading.default\">\n\t\t\t\t<div class=\"elementor-widget-container\">\n\t\t\t\t\t<h2 class=\"elementor-heading-title elementor-size-default\">\u00c0 propos<\/h2>\t\t\t\t<\/div>\n\t\t\t\t<\/div>\n\t\t\t\t\t<\/div>\n\t\t\t\t<\/div>\n\t\t<div class=\"elementor-element elementor-element-fcbdc72 e-flex e-con-boxed e-con e-parent\" data-id=\"fcbdc72\" data-element_type=\"container\" data-e-type=\"container\">\n\t\t\t\t\t<div class=\"e-con-inner\">\n\t\t\t\t<div class=\"elementor-element elementor-element-a07daef elementor-widget elementor-widget-image\" data-id=\"a07daef\" data-element_type=\"widget\" data-e-type=\"widget\" data-widget_type=\"image.default\">\n\t\t\t\t<div class=\"elementor-widget-container\">\n\t\t\t\t\t\t\t\t\t\t\t\t\t\t\t<img fetchpriority=\"high\" decoding=\"async\" width=\"1536\" height=\"692\" src=\"https:\/\/benjaminmartinet.fr\/wp-content\/uploads\/2025\/02\/received_10157346732064409-1-1536x692.webp\" class=\"attachment-1536x1536 size-1536x1536 wp-image-922\" alt=\"\" srcset=\"https:\/\/benjaminmartinet.fr\/wp-content\/uploads\/2025\/02\/received_10157346732064409-1-1536x692.webp 1536w, https:\/\/benjaminmartinet.fr\/wp-content\/uploads\/2025\/02\/received_10157346732064409-1-300x135.webp 300w, https:\/\/benjaminmartinet.fr\/wp-content\/uploads\/2025\/02\/received_10157346732064409-1-1024x461.webp 1024w, https:\/\/benjaminmartinet.fr\/wp-content\/uploads\/2025\/02\/received_10157346732064409-1-768x346.webp 768w, https:\/\/benjaminmartinet.fr\/wp-content\/uploads\/2025\/02\/received_10157346732064409-1.webp 1920w\" sizes=\"(max-width: 1536px) 100vw, 1536px\" \/>\t\t\t\t\t\t\t\t\t\t\t\t\t\t\t<\/div>\n\t\t\t\t<\/div>\n\t\t\t\t\t<\/div>\n\t\t\t\t<\/div>\n\t\t<div class=\"elementor-element elementor-element-b383648 e-flex e-con-boxed e-con e-parent\" data-id=\"b383648\" data-element_type=\"container\" data-e-type=\"container\">\n\t\t\t\t\t<div class=\"e-con-inner\">\n\t\t\t\t<div class=\"elementor-element elementor-element-4ac4b5f elementor-widget elementor-widget-text-editor\" data-id=\"4ac4b5f\" data-element_type=\"widget\" data-e-type=\"widget\" data-widget_type=\"text-editor.default\">\n\t\t\t\t<div class=\"elementor-widget-container\">\n\t\t\t\t\t\t\t\t\t<p><span style=\"white-space-collapse: preserve;\">Bienvenu<strong> sur mon portfolio<\/strong>, ici, je vous invite \u00e0 en savoir un peu plus sur moi, et mes r\u00e9alisations. Depuis une dizaine d\u2019ann\u00e9es et l\u2019obtention d\u2019une licence en science de l\u2019information et de la communication \u00e0 <span style=\"text-decoration: underline;\">l\u2019universit\u00e9 Bordeaux III<\/span>, j\u2019ai eu la chance de<strong> voyager, parler, \u00e9crire<\/strong>, toujours avec la m\u00eame passion. <\/span><\/p>\n<p><span style=\"white-space-collapse: preserve;\">Cette passion, c\u2019est celle que j\u2019ai entretenu avec <strong>les arts et la musique<\/strong>. Ce besoin de raconter la vie et les \u0153uvres des personnes talentueuses que j\u2019ai crois\u00e9 sur mon chemin. Que ce soit comme r\u00e9dacteur Web pour une radio, ou pigiste pour un magazine sur les arts visuels, mon travail a \u00e9t\u00e9 fa\u00e7onn\u00e9 et inspir\u00e9 par <strong>les rencontres<\/strong>. <\/span><\/p>\n<p><span style=\"white-space-collapse: preserve;\">Apr\u00e8s une reconversion professionnelle <strong>en 2023<\/strong>, durant laquelle j&#8217;ai appris le r\u00f4le de chef de projet digital, port\u00e9 par ma volont\u00e9 de conna\u00eetre en profondeur le m\u00e9dia que j\u2019utilise. J&#8217;envisage d\u00e9sormais de mettre \u00e0 profit mes connaissances en rejoignant<strong> une agence li\u00e9e au milieu culturel<\/strong>, ou bien une institution culturelle <strong>publique ou priv\u00e9e<\/strong>. <\/span><\/p>\n<p><span style=\"white-space-collapse: preserve;\">Mon portfolio recense certaines mes r\u00e9alisations, articles, coordination de projets Web, publicit\u00e9s, ou publications institutionnelles courant de 2010 \u00e0 2023.<\/span><\/p>\t\t\t\t\t\t\t\t<\/div>\n\t\t\t\t<\/div>\n\t\t\t\t\t<\/div>\n\t\t\t\t<\/div>\n\t\t\t\t<\/div>\n\t\t","protected":false},"excerpt":{"rendered":"<p>Journaliste de formation, j\u2019ai travaill\u00e9 pour plusieurs m\u00e9dias en radio et presse \u00e9crite en\u00a0France, ainsi qu\u2019au Qu\u00e9bec. Ma passion \u00e0 faire vivre les projets des gens crois\u00e9s sur mon parcours m\u2019anime, et me guide dans mon travail.\u00a0 \u00a0 R\u00e9dacteur Web Charg\u00e9 de communication Coordination de projet \u00c0 propos Bienvenu sur mon portfolio, ici, je vous [&hellip;]<\/p>\n","protected":false},"author":1,"featured_media":0,"parent":0,"menu_order":0,"comment_status":"closed","ping_status":"closed","template":"","meta":{"footnotes":""},"class_list":["post-15","page","type-page","status-publish","hentry"],"_links":{"self":[{"href":"https:\/\/benjaminmartinet.fr\/index.php?rest_route=\/wp\/v2\/pages\/15","targetHints":{"allow":["GET"]}}],"collection":[{"href":"https:\/\/benjaminmartinet.fr\/index.php?rest_route=\/wp\/v2\/pages"}],"about":[{"href":"https:\/\/benjaminmartinet.fr\/index.php?rest_route=\/wp\/v2\/types\/page"}],"author":[{"embeddable":true,"href":"https:\/\/benjaminmartinet.fr\/index.php?rest_route=\/wp\/v2\/users\/1"}],"replies":[{"embeddable":true,"href":"https:\/\/benjaminmartinet.fr\/index.php?rest_route=%2Fwp%2Fv2%2Fcomments&post=15"}],"version-history":[{"count":158,"href":"https:\/\/benjaminmartinet.fr\/index.php?rest_route=\/wp\/v2\/pages\/15\/revisions"}],"predecessor-version":[{"id":1694,"href":"https:\/\/benjaminmartinet.fr\/index.php?rest_route=\/wp\/v2\/pages\/15\/revisions\/1694"}],"wp:attachment":[{"href":"https:\/\/benjaminmartinet.fr\/index.php?rest_route=%2Fwp%2Fv2%2Fmedia&parent=15"}],"curies":[{"name":"wp","href":"https:\/\/api.w.org\/{rel}","templated":true}]}}